{"id":177,"date":"2023-09-30T11:15:39","date_gmt":"2023-09-30T11:15:39","guid":{"rendered":"https:\/\/ipcbelgrade.com\/homepage\/"},"modified":"2023-11-20T15:54:59","modified_gmt":"2023-11-20T15:54:59","slug":"international-preschool-beograd-izuzetnost-u-ranom-obrazovanju","status":"publish","type":"page","link":"https:\/\/ipcbelgrade.com\/sr\/","title":{"rendered":"Homepage"},"content":{"rendered":"","protected":false},"excerpt":{"rendered":"","protected":false},"author":1,"featured_media":0,"parent":0,"menu_order":0,"comment_status":"closed","ping_status":"closed","template":"page-home.php","meta":{"footnotes":""},"class_list":["post-177","page","type-page","status-publish","hentry"],"acf":[],"yoast_head":"<!-- This site is optimized with the Yoast SEO plugin v21.5 - https:\/\/yoast.com\/wordpress\/plugins\/seo\/ -->\n<title>International Preschool Beograd | Izuzetnost u Ranom Obrazovanju<\/title>\n<meta name=\"description\" content=\"Dobrodo\u0161li u International Preschool Beograd - mesto gde va\u0161e dete mo\u017ee da raste, u\u010di i razvija se uz stru\u010dne edukatore. Prijavite se danas i obezbedite najbolju osnovu za budu\u0107nost va\u0161eg deteta.\" \/>\n<meta name=\"robots\" content=\"index, follow, max-snippet:-1, max-image-preview:large, max-video-preview:-1\" \/>\n<link rel=\"canonical\" href=\"https:\/\/ipcbelgrade.com\/sr\/\" \/>\n<meta property=\"og:locale\" content=\"sr_RS\" \/>\n<meta property=\"og:type\" content=\"article\" \/>\n<meta property=\"og:title\" content=\"International Preschool Beograd | Izuzetnost u Ranom Obrazovanju\" \/>\n<meta property=\"og:description\" content=\"Dobrodo\u0161li u International Preschool Beograd - mesto gde va\u0161e dete mo\u017ee da raste, u\u010di i razvija se uz stru\u010dne edukatore. Prijavite se danas i obezbedite najbolju osnovu za budu\u0107nost va\u0161eg deteta.\" \/>\n<meta property=\"og:url\" content=\"https:\/\/ipcbelgrade.com\/sr\/\" \/>\n<meta property=\"og:site_name\" content=\"ipcbelgrade\" \/>\n<meta property=\"article:modified_time\" content=\"2023-11-20T15:54:59+00:00\" \/>\n<meta name=\"twitter:card\" content=\"summary_large_image\" \/>\n<script type=\"application\/ld+json\" class=\"yoast-schema-graph\">{\"@context\":\"https:\/\/schema.org\",\"@graph\":[{\"@type\":\"WebPage\",\"@id\":\"https:\/\/ipcbelgrade.com\/sr\/\",\"url\":\"https:\/\/ipcbelgrade.com\/sr\/\",\"name\":\"International Preschool Beograd | Izuzetnost u Ranom Obrazovanju\",\"isPartOf\":{\"@id\":\"https:\/\/ipcbelgrade.com\/sr\/#website\"},\"datePublished\":\"2023-09-30T11:15:39+00:00\",\"dateModified\":\"2023-11-20T15:54:59+00:00\",\"description\":\"Dobrodo\u0161li u International Preschool Beograd - mesto gde va\u0161e dete mo\u017ee da raste, u\u010di i razvija se uz stru\u010dne edukatore. Prijavite se danas i obezbedite najbolju osnovu za budu\u0107nost va\u0161eg deteta.\",\"breadcrumb\":{\"@id\":\"https:\/\/ipcbelgrade.com\/sr\/#breadcrumb\"},\"inLanguage\":\"sr-RS\",\"potentialAction\":[{\"@type\":\"ReadAction\",\"target\":[\"https:\/\/ipcbelgrade.com\/sr\/\"]}]},{\"@type\":\"BreadcrumbList\",\"@id\":\"https:\/\/ipcbelgrade.com\/sr\/#breadcrumb\",\"itemListElement\":[{\"@type\":\"ListItem\",\"position\":1,\"name\":\"Home\",\"item\":\"https:\/\/ipcbelgrade.com\/sr\/\"},{\"@type\":\"ListItem\",\"position\":2,\"name\":\"Homepage\"}]},{\"@type\":\"WebSite\",\"@id\":\"https:\/\/ipcbelgrade.com\/sr\/#website\",\"url\":\"https:\/\/ipcbelgrade.com\/sr\/\",\"name\":\"ipcbelgrade\",\"description\":\"\",\"publisher\":{\"@id\":\"https:\/\/ipcbelgrade.com\/sr\/#organization\"},\"potentialAction\":[{\"@type\":\"SearchAction\",\"target\":{\"@type\":\"EntryPoint\",\"urlTemplate\":\"https:\/\/ipcbelgrade.com\/sr\/?s={search_term_string}\"},\"query-input\":\"required name=search_term_string\"}],\"inLanguage\":\"sr-RS\"},{\"@type\":\"Organization\",\"@id\":\"https:\/\/ipcbelgrade.com\/sr\/#organization\",\"name\":\"ipcbelgrade\",\"url\":\"https:\/\/ipcbelgrade.com\/sr\/\",\"logo\":{\"@type\":\"ImageObject\",\"inLanguage\":\"sr-RS\",\"@id\":\"https:\/\/ipcbelgrade.com\/sr\/#\/schema\/logo\/image\/\",\"url\":\"https:\/\/ipcbelgrade.com\/wp-content\/uploads\/2023\/10\/header_logo.png\",\"contentUrl\":\"https:\/\/ipcbelgrade.com\/wp-content\/uploads\/2023\/10\/header_logo.png\",\"width\":283,\"height\":91,\"caption\":\"ipcbelgrade\"},\"image\":{\"@id\":\"https:\/\/ipcbelgrade.com\/sr\/#\/schema\/logo\/image\/\"}}]}<\/script>\n<!-- \/ Yoast SEO plugin. -->","yoast_head_json":{"title":"International Preschool Beograd | Izuzetnost u Ranom Obrazovanju","description":"Dobrodo\u0161li u International Preschool Beograd - mesto gde va\u0161e dete mo\u017ee da raste, u\u010di i razvija se uz stru\u010dne edukatore. Prijavite se danas i obezbedite najbolju osnovu za budu\u0107nost va\u0161eg deteta.","robots":{"index":"index","follow":"follow","max-snippet":"max-snippet:-1","max-image-preview":"max-image-preview:large","max-video-preview":"max-video-preview:-1"},"canonical":"https:\/\/ipcbelgrade.com\/sr\/","og_locale":"sr_RS","og_type":"article","og_title":"International Preschool Beograd | Izuzetnost u Ranom Obrazovanju","og_description":"Dobrodo\u0161li u International Preschool Beograd - mesto gde va\u0161e dete mo\u017ee da raste, u\u010di i razvija se uz stru\u010dne edukatore. Prijavite se danas i obezbedite najbolju osnovu za budu\u0107nost va\u0161eg deteta.","og_url":"https:\/\/ipcbelgrade.com\/sr\/","og_site_name":"ipcbelgrade","article_modified_time":"2023-11-20T15:54:59+00:00","twitter_card":"summary_large_image","schema":{"@context":"https:\/\/schema.org","@graph":[{"@type":"WebPage","@id":"https:\/\/ipcbelgrade.com\/sr\/","url":"https:\/\/ipcbelgrade.com\/sr\/","name":"International Preschool Beograd | Izuzetnost u Ranom Obrazovanju","isPartOf":{"@id":"https:\/\/ipcbelgrade.com\/sr\/#website"},"datePublished":"2023-09-30T11:15:39+00:00","dateModified":"2023-11-20T15:54:59+00:00","description":"Dobrodo\u0161li u International Preschool Beograd - mesto gde va\u0161e dete mo\u017ee da raste, u\u010di i razvija se uz stru\u010dne edukatore. Prijavite se danas i obezbedite najbolju osnovu za budu\u0107nost va\u0161eg deteta.","breadcrumb":{"@id":"https:\/\/ipcbelgrade.com\/sr\/#breadcrumb"},"inLanguage":"sr-RS","potentialAction":[{"@type":"ReadAction","target":["https:\/\/ipcbelgrade.com\/sr\/"]}]},{"@type":"BreadcrumbList","@id":"https:\/\/ipcbelgrade.com\/sr\/#breadcrumb","itemListElement":[{"@type":"ListItem","position":1,"name":"Home","item":"https:\/\/ipcbelgrade.com\/sr\/"},{"@type":"ListItem","position":2,"name":"Homepage"}]},{"@type":"WebSite","@id":"https:\/\/ipcbelgrade.com\/sr\/#website","url":"https:\/\/ipcbelgrade.com\/sr\/","name":"ipcbelgrade","description":"","publisher":{"@id":"https:\/\/ipcbelgrade.com\/sr\/#organization"},"potentialAction":[{"@type":"SearchAction","target":{"@type":"EntryPoint","urlTemplate":"https:\/\/ipcbelgrade.com\/sr\/?s={search_term_string}"},"query-input":"required name=search_term_string"}],"inLanguage":"sr-RS"},{"@type":"Organization","@id":"https:\/\/ipcbelgrade.com\/sr\/#organization","name":"ipcbelgrade","url":"https:\/\/ipcbelgrade.com\/sr\/","logo":{"@type":"ImageObject","inLanguage":"sr-RS","@id":"https:\/\/ipcbelgrade.com\/sr\/#\/schema\/logo\/image\/","url":"https:\/\/ipcbelgrade.com\/wp-content\/uploads\/2023\/10\/header_logo.png","contentUrl":"https:\/\/ipcbelgrade.com\/wp-content\/uploads\/2023\/10\/header_logo.png","width":283,"height":91,"caption":"ipcbelgrade"},"image":{"@id":"https:\/\/ipcbelgrade.com\/sr\/#\/schema\/logo\/image\/"}}]}},"jetpack_sharing_enabled":true,"_links":{"self":[{"href":"https:\/\/ipcbelgrade.com\/sr\/wp-json\/wp\/v2\/pages\/177","targetHints":{"allow":["GET"]}}],"collection":[{"href":"https:\/\/ipcbelgrade.com\/sr\/wp-json\/wp\/v2\/pages"}],"about":[{"href":"https:\/\/ipcbelgrade.com\/sr\/wp-json\/wp\/v2\/types\/page"}],"author":[{"embeddable":true,"href":"https:\/\/ipcbelgrade.com\/sr\/wp-json\/wp\/v2\/users\/1"}],"replies":[{"embeddable":true,"href":"https:\/\/ipcbelgrade.com\/sr\/wp-json\/wp\/v2\/comments?post=177"}],"version-history":[{"count":1,"href":"https:\/\/ipcbelgrade.com\/sr\/wp-json\/wp\/v2\/pages\/177\/revisions"}],"predecessor-version":[{"id":178,"href":"https:\/\/ipcbelgrade.com\/sr\/wp-json\/wp\/v2\/pages\/177\/revisions\/178"}],"wp:attachment":[{"href":"https:\/\/ipcbelgrade.com\/sr\/wp-json\/wp\/v2\/media?parent=177"}],"curies":[{"name":"wp","href":"https:\/\/api.w.org\/{rel}","templated":true}]}}